{"id":395,"date":"2022-02-10T23:30:14","date_gmt":"2022-02-10T22:30:14","guid":{"rendered":"http:\/\/aeroloisirs.be\/?page_id=395"},"modified":"2025-02-17T10:30:27","modified_gmt":"2025-02-17T09:30:27","slug":"calendrier","status":"publish","type":"page","link":"https:\/\/aeroloisirs.be\/index.php\/calendrier\/","title":{"rendered":"Calendriers"},"content":{"rendered":"\n<p>Ev\u00e9nements<\/p>\n\n\nContenu restreint aux membres\n\n\n<p>Pr\u00eats de mat\u00e9riel<\/p>\n\n\nContenu restreint aux membres\n\n\n<pre class=\"wp-block-code\"><code><div class=\"fb-page\" data-href=\"https:\/\/www.facebook.com\/groups\/aeroloisirs\/events\" data-tabs=\"timeline\" data-width=\"\" data-height=\"\" data-small-header=\"false\" data-adapt-container-width=\"true\" data-hide-cover=\"false\" data-show-facepile=\"true\"><\/div><\/code><\/pre>\n\n\n","protected":false},"excerpt":{"rendered":"<p>Ev\u00e9nements Contenu restreint aux membres Pr\u00eats de mat\u00e9riel Contenu restreint aux membres<\/p>\n","protected":false},"author":1,"featured_media":396,"parent":0,"menu_order":0,"comment_status":"closed","ping_status":"closed","template":"","meta":{"footnotes":""},"class_list":["post-395","page","type-page","status-publish","has-post-thumbnail","hentry"],"yoast_head":"<!-- This site is optimized with the Yoast SEO plugin v19.13 - https:\/\/yoast.com\/wordpress\/plugins\/seo\/ -->\n<title>Calendriers - Aeroloisirs<\/title>\n<meta name=\"robots\" content=\"index, follow, max-snippet:-1, max-image-preview:large, max-video-preview:-1\" \/>\n<link rel=\"canonical\" href=\"https:\/\/aeroloisirs.be\/index.php\/calendrier\/\" \/>\n<meta property=\"og:locale\" content=\"fr_FR\" \/>\n<meta property=\"og:type\" content=\"article\" \/>\n<meta property=\"og:title\" content=\"Calendriers - Aeroloisirs\" \/>\n<meta property=\"og:description\" content=\"Ev\u00e9nements Contenu restreint aux membres Pr\u00eats de mat\u00e9riel Contenu restreint aux membres\" \/>\n<meta property=\"og:url\" content=\"https:\/\/aeroloisirs.be\/index.php\/calendrier\/\" \/>\n<meta property=\"og:site_name\" content=\"Aeroloisirs\" \/>\n<meta property=\"article:publisher\" content=\"https:\/\/www.facebook.com\/AeroloisirsClubDeVolLibre\" \/>\n<meta property=\"article:modified_time\" content=\"2025-02-17T09:30:27+00:00\" \/>\n<meta property=\"og:image\" content=\"https:\/\/aeroloisirs.be\/wp-content\/uploads\/2022\/02\/640e8b74b437f559ce42f2719b28191e.jpeg\" \/>\n\t<meta property=\"og:image:width\" content=\"1820\" \/>\n\t<meta property=\"og:image:height\" content=\"1213\" \/>\n\t<meta property=\"og:image:type\" content=\"image\/jpeg\" \/>\n<meta name=\"twitter:card\" content=\"summary_large_image\" \/>\n<meta name=\"twitter:label1\" content=\"Dur\u00e9e de lecture estim\u00e9e\" \/>\n\t<meta name=\"twitter:data1\" content=\"1 minute\" \/>\n<script type=\"application\/ld+json\" class=\"yoast-schema-graph\">{\"@context\":\"https:\/\/schema.org\",\"@graph\":[{\"@type\":\"WebPage\",\"@id\":\"https:\/\/aeroloisirs.be\/index.php\/calendrier\/\",\"url\":\"https:\/\/aeroloisirs.be\/index.php\/calendrier\/\",\"name\":\"Calendriers - Aeroloisirs\",\"isPartOf\":{\"@id\":\"https:\/\/aeroloisirs.be\/#website\"},\"datePublished\":\"2022-02-10T22:30:14+00:00\",\"dateModified\":\"2025-02-17T09:30:27+00:00\",\"breadcrumb\":{\"@id\":\"https:\/\/aeroloisirs.be\/index.php\/calendrier\/#breadcrumb\"},\"inLanguage\":\"fr-FR\",\"potentialAction\":[{\"@type\":\"ReadAction\",\"target\":[\"https:\/\/aeroloisirs.be\/index.php\/calendrier\/\"]}]},{\"@type\":\"BreadcrumbList\",\"@id\":\"https:\/\/aeroloisirs.be\/index.php\/calendrier\/#breadcrumb\",\"itemListElement\":[{\"@type\":\"ListItem\",\"position\":1,\"name\":\"Accueil\",\"item\":\"https:\/\/aeroloisirs.be\/\"},{\"@type\":\"ListItem\",\"position\":2,\"name\":\"Calendriers\"}]},{\"@type\":\"WebSite\",\"@id\":\"https:\/\/aeroloisirs.be\/#website\",\"url\":\"https:\/\/aeroloisirs.be\/\",\"name\":\"Aeroloisirs\",\"description\":\"Club belge de vol libre\",\"publisher\":{\"@id\":\"https:\/\/aeroloisirs.be\/#organization\"},\"potentialAction\":[{\"@type\":\"SearchAction\",\"target\":{\"@type\":\"EntryPoint\",\"urlTemplate\":\"https:\/\/aeroloisirs.be\/?s={search_term_string}\"},\"query-input\":\"required name=search_term_string\"}],\"inLanguage\":\"fr-FR\"},{\"@type\":\"Organization\",\"@id\":\"https:\/\/aeroloisirs.be\/#organization\",\"name\":\"Aeroloisirs - Club belge de vol libre\",\"url\":\"https:\/\/aeroloisirs.be\/\",\"logo\":{\"@type\":\"ImageObject\",\"inLanguage\":\"fr-FR\",\"@id\":\"https:\/\/aeroloisirs.be\/#\/schema\/logo\/image\/\",\"url\":\"https:\/\/aeroloisirs.be\/wp-content\/uploads\/2022\/02\/cropped-logohori.png\",\"contentUrl\":\"https:\/\/aeroloisirs.be\/wp-content\/uploads\/2022\/02\/cropped-logohori.png\",\"width\":1403,\"height\":250,\"caption\":\"Aeroloisirs - Club belge de vol libre\"},\"image\":{\"@id\":\"https:\/\/aeroloisirs.be\/#\/schema\/logo\/image\/\"},\"sameAs\":[\"https:\/\/www.facebook.com\/AeroloisirsClubDeVolLibre\"]}]}<\/script>\n<!-- \/ Yoast SEO plugin. -->","yoast_head_json":{"title":"Calendriers - Aeroloisirs","robots":{"index":"index","follow":"follow","max-snippet":"max-snippet:-1","max-image-preview":"max-image-preview:large","max-video-preview":"max-video-preview:-1"},"canonical":"https:\/\/aeroloisirs.be\/index.php\/calendrier\/","og_locale":"fr_FR","og_type":"article","og_title":"Calendriers - Aeroloisirs","og_description":"Ev\u00e9nements Contenu restreint aux membres Pr\u00eats de mat\u00e9riel Contenu restreint aux membres","og_url":"https:\/\/aeroloisirs.be\/index.php\/calendrier\/","og_site_name":"Aeroloisirs","article_publisher":"https:\/\/www.facebook.com\/AeroloisirsClubDeVolLibre","article_modified_time":"2025-02-17T09:30:27+00:00","og_image":[{"width":1820,"height":1213,"url":"https:\/\/aeroloisirs.be\/wp-content\/uploads\/2022\/02\/640e8b74b437f559ce42f2719b28191e.jpeg","type":"image\/jpeg"}],"twitter_card":"summary_large_image","twitter_misc":{"Dur\u00e9e de lecture estim\u00e9e":"1 minute"},"schema":{"@context":"https:\/\/schema.org","@graph":[{"@type":"WebPage","@id":"https:\/\/aeroloisirs.be\/index.php\/calendrier\/","url":"https:\/\/aeroloisirs.be\/index.php\/calendrier\/","name":"Calendriers - Aeroloisirs","isPartOf":{"@id":"https:\/\/aeroloisirs.be\/#website"},"datePublished":"2022-02-10T22:30:14+00:00","dateModified":"2025-02-17T09:30:27+00:00","breadcrumb":{"@id":"https:\/\/aeroloisirs.be\/index.php\/calendrier\/#breadcrumb"},"inLanguage":"fr-FR","potentialAction":[{"@type":"ReadAction","target":["https:\/\/aeroloisirs.be\/index.php\/calendrier\/"]}]},{"@type":"BreadcrumbList","@id":"https:\/\/aeroloisirs.be\/index.php\/calendrier\/#breadcrumb","itemListElement":[{"@type":"ListItem","position":1,"name":"Accueil","item":"https:\/\/aeroloisirs.be\/"},{"@type":"ListItem","position":2,"name":"Calendriers"}]},{"@type":"WebSite","@id":"https:\/\/aeroloisirs.be\/#website","url":"https:\/\/aeroloisirs.be\/","name":"Aeroloisirs","description":"Club belge de vol libre","publisher":{"@id":"https:\/\/aeroloisirs.be\/#organization"},"potentialAction":[{"@type":"SearchAction","target":{"@type":"EntryPoint","urlTemplate":"https:\/\/aeroloisirs.be\/?s={search_term_string}"},"query-input":"required name=search_term_string"}],"inLanguage":"fr-FR"},{"@type":"Organization","@id":"https:\/\/aeroloisirs.be\/#organization","name":"Aeroloisirs - Club belge de vol libre","url":"https:\/\/aeroloisirs.be\/","logo":{"@type":"ImageObject","inLanguage":"fr-FR","@id":"https:\/\/aeroloisirs.be\/#\/schema\/logo\/image\/","url":"https:\/\/aeroloisirs.be\/wp-content\/uploads\/2022\/02\/cropped-logohori.png","contentUrl":"https:\/\/aeroloisirs.be\/wp-content\/uploads\/2022\/02\/cropped-logohori.png","width":1403,"height":250,"caption":"Aeroloisirs - Club belge de vol libre"},"image":{"@id":"https:\/\/aeroloisirs.be\/#\/schema\/logo\/image\/"},"sameAs":["https:\/\/www.facebook.com\/AeroloisirsClubDeVolLibre"]}]}},"_links":{"self":[{"href":"https:\/\/aeroloisirs.be\/index.php\/wp-json\/wp\/v2\/pages\/395","targetHints":{"allow":["GET"]}}],"collection":[{"href":"https:\/\/aeroloisirs.be\/index.php\/wp-json\/wp\/v2\/pages"}],"about":[{"href":"https:\/\/aeroloisirs.be\/index.php\/wp-json\/wp\/v2\/types\/page"}],"author":[{"embeddable":true,"href":"https:\/\/aeroloisirs.be\/index.php\/wp-json\/wp\/v2\/users\/1"}],"replies":[{"embeddable":true,"href":"https:\/\/aeroloisirs.be\/index.php\/wp-json\/wp\/v2\/comments?post=395"}],"version-history":[{"count":27,"href":"https:\/\/aeroloisirs.be\/index.php\/wp-json\/wp\/v2\/pages\/395\/revisions"}],"predecessor-version":[{"id":602,"href":"https:\/\/aeroloisirs.be\/index.php\/wp-json\/wp\/v2\/pages\/395\/revisions\/602"}],"wp:featuredmedia":[{"embeddable":true,"href":"https:\/\/aeroloisirs.be\/index.php\/wp-json\/wp\/v2\/media\/396"}],"wp:attachment":[{"href":"https:\/\/aeroloisirs.be\/index.php\/wp-json\/wp\/v2\/media?parent=395"}],"curies":[{"name":"wp","href":"https:\/\/api.w.org\/{rel}","templated":true}]}}