{"id":570,"date":"2024-10-25T12:36:06","date_gmt":"2024-10-25T10:36:06","guid":{"rendered":"https:\/\/aeroloisirs.be\/?page_id=570"},"modified":"2024-10-25T12:39:30","modified_gmt":"2024-10-25T10:39:30","slug":"pentes-ecole","status":"publish","type":"page","link":"https:\/\/aeroloisirs.be\/index.php\/pentes-ecole\/","title":{"rendered":"Pentes \u00e9cole"},"content":{"rendered":"Contenu restreint aux membres","protected":false},"excerpt":{"rendered":"<p>Liens vers les pentes \u00e9coles Attention, bien lire les consignes pour chaque pente \u00e9cole afin de respecter les propri\u00e9taires<\/p>\n","protected":false},"author":1,"featured_media":0,"parent":0,"menu_order":0,"comment_status":"closed","ping_status":"closed","template":"","meta":{"footnotes":""},"class_list":["post-570","page","type-page","status-publish","hentry"],"yoast_head":"<!-- This site is optimized with the Yoast SEO plugin v19.13 - https:\/\/yoast.com\/wordpress\/plugins\/seo\/ -->\n<title>Pentes \u00e9cole - Aeroloisirs<\/title>\n<meta name=\"robots\" content=\"index, follow, max-snippet:-1, max-image-preview:large, max-video-preview:-1\" \/>\n<link rel=\"canonical\" href=\"https:\/\/aeroloisirs.be\/index.php\/pentes-ecole\/\" \/>\n<meta property=\"og:locale\" content=\"fr_FR\" \/>\n<meta property=\"og:type\" content=\"article\" \/>\n<meta property=\"og:title\" content=\"Pentes \u00e9cole - Aeroloisirs\" \/>\n<meta property=\"og:description\" content=\"Liens vers les pentes \u00e9coles Attention, bien lire les consignes pour chaque pente \u00e9cole afin de respecter les propri\u00e9taires\" \/>\n<meta property=\"og:url\" content=\"https:\/\/aeroloisirs.be\/index.php\/pentes-ecole\/\" \/>\n<meta property=\"og:site_name\" content=\"Aeroloisirs\" \/>\n<meta property=\"article:publisher\" content=\"https:\/\/www.facebook.com\/AeroloisirsClubDeVolLibre\" \/>\n<meta property=\"article:modified_time\" content=\"2024-10-25T10:39:30+00:00\" \/>\n<meta name=\"twitter:card\" content=\"summary_large_image\" \/>\n<meta name=\"twitter:label1\" content=\"Dur\u00e9e de lecture estim\u00e9e\" \/>\n\t<meta name=\"twitter:data1\" content=\"1 minute\" \/>\n<script type=\"application\/ld+json\" class=\"yoast-schema-graph\">{\"@context\":\"https:\/\/schema.org\",\"@graph\":[{\"@type\":\"WebPage\",\"@id\":\"https:\/\/aeroloisirs.be\/index.php\/pentes-ecole\/\",\"url\":\"https:\/\/aeroloisirs.be\/index.php\/pentes-ecole\/\",\"name\":\"Pentes \u00e9cole - Aeroloisirs\",\"isPartOf\":{\"@id\":\"https:\/\/aeroloisirs.be\/#website\"},\"datePublished\":\"2024-10-25T10:36:06+00:00\",\"dateModified\":\"2024-10-25T10:39:30+00:00\",\"breadcrumb\":{\"@id\":\"https:\/\/aeroloisirs.be\/index.php\/pentes-ecole\/#breadcrumb\"},\"inLanguage\":\"fr-FR\",\"potentialAction\":[{\"@type\":\"ReadAction\",\"target\":[\"https:\/\/aeroloisirs.be\/index.php\/pentes-ecole\/\"]}]},{\"@type\":\"BreadcrumbList\",\"@id\":\"https:\/\/aeroloisirs.be\/index.php\/pentes-ecole\/#breadcrumb\",\"itemListElement\":[{\"@type\":\"ListItem\",\"position\":1,\"name\":\"Accueil\",\"item\":\"https:\/\/aeroloisirs.be\/\"},{\"@type\":\"ListItem\",\"position\":2,\"name\":\"Pentes \u00e9cole\"}]},{\"@type\":\"WebSite\",\"@id\":\"https:\/\/aeroloisirs.be\/#website\",\"url\":\"https:\/\/aeroloisirs.be\/\",\"name\":\"Aeroloisirs\",\"description\":\"Club belge de vol libre\",\"publisher\":{\"@id\":\"https:\/\/aeroloisirs.be\/#organization\"},\"potentialAction\":[{\"@type\":\"SearchAction\",\"target\":{\"@type\":\"EntryPoint\",\"urlTemplate\":\"https:\/\/aeroloisirs.be\/?s={search_term_string}\"},\"query-input\":\"required name=search_term_string\"}],\"inLanguage\":\"fr-FR\"},{\"@type\":\"Organization\",\"@id\":\"https:\/\/aeroloisirs.be\/#organization\",\"name\":\"Aeroloisirs - Club belge de vol libre\",\"url\":\"https:\/\/aeroloisirs.be\/\",\"logo\":{\"@type\":\"ImageObject\",\"inLanguage\":\"fr-FR\",\"@id\":\"https:\/\/aeroloisirs.be\/#\/schema\/logo\/image\/\",\"url\":\"https:\/\/aeroloisirs.be\/wp-content\/uploads\/2022\/02\/cropped-logohori.png\",\"contentUrl\":\"https:\/\/aeroloisirs.be\/wp-content\/uploads\/2022\/02\/cropped-logohori.png\",\"width\":1403,\"height\":250,\"caption\":\"Aeroloisirs - Club belge de vol libre\"},\"image\":{\"@id\":\"https:\/\/aeroloisirs.be\/#\/schema\/logo\/image\/\"},\"sameAs\":[\"https:\/\/www.facebook.com\/AeroloisirsClubDeVolLibre\"]}]}<\/script>\n<!-- \/ Yoast SEO plugin. -->","yoast_head_json":{"title":"Pentes \u00e9cole - Aeroloisirs","robots":{"index":"index","follow":"follow","max-snippet":"max-snippet:-1","max-image-preview":"max-image-preview:large","max-video-preview":"max-video-preview:-1"},"canonical":"https:\/\/aeroloisirs.be\/index.php\/pentes-ecole\/","og_locale":"fr_FR","og_type":"article","og_title":"Pentes \u00e9cole - Aeroloisirs","og_description":"Liens vers les pentes \u00e9coles Attention, bien lire les consignes pour chaque pente \u00e9cole afin de respecter les propri\u00e9taires","og_url":"https:\/\/aeroloisirs.be\/index.php\/pentes-ecole\/","og_site_name":"Aeroloisirs","article_publisher":"https:\/\/www.facebook.com\/AeroloisirsClubDeVolLibre","article_modified_time":"2024-10-25T10:39:30+00:00","twitter_card":"summary_large_image","twitter_misc":{"Dur\u00e9e de lecture estim\u00e9e":"1 minute"},"schema":{"@context":"https:\/\/schema.org","@graph":[{"@type":"WebPage","@id":"https:\/\/aeroloisirs.be\/index.php\/pentes-ecole\/","url":"https:\/\/aeroloisirs.be\/index.php\/pentes-ecole\/","name":"Pentes \u00e9cole - Aeroloisirs","isPartOf":{"@id":"https:\/\/aeroloisirs.be\/#website"},"datePublished":"2024-10-25T10:36:06+00:00","dateModified":"2024-10-25T10:39:30+00:00","breadcrumb":{"@id":"https:\/\/aeroloisirs.be\/index.php\/pentes-ecole\/#breadcrumb"},"inLanguage":"fr-FR","potentialAction":[{"@type":"ReadAction","target":["https:\/\/aeroloisirs.be\/index.php\/pentes-ecole\/"]}]},{"@type":"BreadcrumbList","@id":"https:\/\/aeroloisirs.be\/index.php\/pentes-ecole\/#breadcrumb","itemListElement":[{"@type":"ListItem","position":1,"name":"Accueil","item":"https:\/\/aeroloisirs.be\/"},{"@type":"ListItem","position":2,"name":"Pentes \u00e9cole"}]},{"@type":"WebSite","@id":"https:\/\/aeroloisirs.be\/#website","url":"https:\/\/aeroloisirs.be\/","name":"Aeroloisirs","description":"Club belge de vol libre","publisher":{"@id":"https:\/\/aeroloisirs.be\/#organization"},"potentialAction":[{"@type":"SearchAction","target":{"@type":"EntryPoint","urlTemplate":"https:\/\/aeroloisirs.be\/?s={search_term_string}"},"query-input":"required name=search_term_string"}],"inLanguage":"fr-FR"},{"@type":"Organization","@id":"https:\/\/aeroloisirs.be\/#organization","name":"Aeroloisirs - Club belge de vol libre","url":"https:\/\/aeroloisirs.be\/","logo":{"@type":"ImageObject","inLanguage":"fr-FR","@id":"https:\/\/aeroloisirs.be\/#\/schema\/logo\/image\/","url":"https:\/\/aeroloisirs.be\/wp-content\/uploads\/2022\/02\/cropped-logohori.png","contentUrl":"https:\/\/aeroloisirs.be\/wp-content\/uploads\/2022\/02\/cropped-logohori.png","width":1403,"height":250,"caption":"Aeroloisirs - Club belge de vol libre"},"image":{"@id":"https:\/\/aeroloisirs.be\/#\/schema\/logo\/image\/"},"sameAs":["https:\/\/www.facebook.com\/AeroloisirsClubDeVolLibre"]}]}},"_links":{"self":[{"href":"https:\/\/aeroloisirs.be\/index.php\/wp-json\/wp\/v2\/pages\/570","targetHints":{"allow":["GET"]}}],"collection":[{"href":"https:\/\/aeroloisirs.be\/index.php\/wp-json\/wp\/v2\/pages"}],"about":[{"href":"https:\/\/aeroloisirs.be\/index.php\/wp-json\/wp\/v2\/types\/page"}],"author":[{"embeddable":true,"href":"https:\/\/aeroloisirs.be\/index.php\/wp-json\/wp\/v2\/users\/1"}],"replies":[{"embeddable":true,"href":"https:\/\/aeroloisirs.be\/index.php\/wp-json\/wp\/v2\/comments?post=570"}],"version-history":[{"count":2,"href":"https:\/\/aeroloisirs.be\/index.php\/wp-json\/wp\/v2\/pages\/570\/revisions"}],"predecessor-version":[{"id":574,"href":"https:\/\/aeroloisirs.be\/index.php\/wp-json\/wp\/v2\/pages\/570\/revisions\/574"}],"wp:attachment":[{"href":"https:\/\/aeroloisirs.be\/index.php\/wp-json\/wp\/v2\/media?parent=570"}],"curies":[{"name":"wp","href":"https:\/\/api.w.org\/{rel}","templated":true}]}}